{"id":3118,"date":"2025-12-15T18:55:27","date_gmt":"2025-12-15T18:55:27","guid":{"rendered":"https:\/\/hikebike.pl\/?page_id=3118"},"modified":"2026-03-17T18:55:04","modified_gmt":"2026-03-17T18:55:04","slug":"faq","status":"publish","type":"page","link":"https:\/\/hikebike.pl\/pl\/faq\/","title":{"rendered":"FAQ"},"content":{"rendered":"\n<p class=\"has-medium-font-size\">\u2753 Najcz\u0119\u015bciej zadawane pytania<\/p>\n\n\n<div class=\"wp-block-uagb-faq uagb-faq__outer-wrap uagb-block-b44b01b0 uagb-faq-icon-row uagb-faq-layout-accordion uagb-faq-expand-first-false uagb-faq-inactive-other-true uagb-faq__wrap uagb-buttons-layout-wrap uagb-faq-equal-height     \" data-faqtoggle=\"true\" role=\"tablist\"><div class=\"wp-block-uagb-faq-child uagb-faq-child__outer-wrap uagb-faq-item uagb-block-80ecbe8a \" role=\"tab\" tabindex=\"0\"><div class=\"uagb-faq-questions-button uagb-faq-questions\">\t\t\t<span class=\"uagb-icon uagb-faq-icon-wrap\">\n\t\t\t\t\t\t\t\t<svg xmlns=\"https:\/\/www.w3.org\/2000\/svg\" viewBox= \"0 0 448 512\"><path d=\"M432 256c0 17.69-14.33 32.01-32 32.01H256v144c0 17.69-14.33 31.99-32 31.99s-32-14.3-32-31.99v-144H48c-17.67 0-32-14.32-32-32.01s14.33-31.99 32-31.99H192v-144c0-17.69 14.33-32.01 32-32.01s32 14.32 32 32.01v144h144C417.7 224 432 238.3 432 256z\"><\/path><\/svg>\n\t\t\t\t\t\t\t<\/span>\n\t\t\t\t\t\t<span class=\"uagb-icon-active uagb-faq-icon-wrap\">\n\t\t\t\t\t\t\t\t<svg xmlns=\"https:\/\/www.w3.org\/2000\/svg\" viewBox= \"0 0 448 512\"><path d=\"M400 288h-352c-17.69 0-32-14.32-32-32.01s14.31-31.99 32-31.99h352c17.69 0 32 14.3 32 31.99S417.7 288 400 288z\"><\/path><\/svg>\n\t\t\t\t\t\t\t<\/span>\n\t\t\t<span class=\"uagb-question\">\ud83e\uddfe <strong>Czy wystawiacie faktur\u0119 VAT?<\/strong><\/span><\/div><div class=\"uagb-faq-content\"><p>Ka\u017cdy klient otrzymuje faktur\u0119. Je\u015bli rezerwacja dokonywana jest <strong>na firm\u0119<\/strong>, prosimy o <strong>podanie numeru NIP<\/strong> ju\u017c na etapie rezerwacji.<\/p><\/div><\/div><div class=\"wp-block-uagb-faq-child uagb-faq-child__outer-wrap uagb-faq-item uagb-block-7062978b \" role=\"tab\" tabindex=\"0\"><div class=\"uagb-faq-questions-button uagb-faq-questions\">\t\t\t<span class=\"uagb-icon uagb-faq-icon-wrap\">\n\t\t\t\t\t\t\t\t<svg xmlns=\"https:\/\/www.w3.org\/2000\/svg\" viewBox= \"0 0 448 512\"><path d=\"M432 256c0 17.69-14.33 32.01-32 32.01H256v144c0 17.69-14.33 31.99-32 31.99s-32-14.3-32-31.99v-144H48c-17.67 0-32-14.32-32-32.01s14.33-31.99 32-31.99H192v-144c0-17.69 14.33-32.01 32-32.01s32 14.32 32 32.01v144h144C417.7 224 432 238.3 432 256z\"><\/path><\/svg>\n\t\t\t\t\t\t\t<\/span>\n\t\t\t\t\t\t<span class=\"uagb-icon-active uagb-faq-icon-wrap\">\n\t\t\t\t\t\t\t\t<svg xmlns=\"https:\/\/www.w3.org\/2000\/svg\" viewBox= \"0 0 448 512\"><path d=\"M400 288h-352c-17.69 0-32-14.32-32-32.01s14.31-31.99 32-31.99h352c17.69 0 32 14.3 32 31.99S417.7 288 400 288z\"><\/path><\/svg>\n\t\t\t\t\t\t\t<\/span>\n\t\t\t<span class=\"uagb-question\">\ud83d\udc65 <strong>Ile os\u00f3b mo\u017ce by\u0107 zakwaterowanych w apartamencie?<\/strong><\/span><\/div><div class=\"uagb-faq-content\"><p>Apartament jest przewidziany maksymalnie dla 4 os\u00f3b. Wyposa\u017cenie obejmuje:<br><strong>\u0142\u00f3\u017cko podw\u00f3jne<\/strong> z jednym materacem (\u0142\u00f3\u017cka nie s\u0105 \u0142\u0105czone),<strong> rozk\u0142adan\u0105 sof\u0119<\/strong> w salonie.<br>Go\u015bcie sami decyduj\u0105, czy uk\u0142ad \u0142\u00f3\u017cek b\u0119dzie odpowiedni dla ich potrzeb i ilo\u015bci os\u00f3b.<\/p><\/div><\/div><div class=\"wp-block-uagb-faq-child uagb-faq-child__outer-wrap uagb-faq-item uagb-block-d6edff02 \" role=\"tab\" tabindex=\"0\"><div class=\"uagb-faq-questions-button uagb-faq-questions\">\t\t\t<span class=\"uagb-icon uagb-faq-icon-wrap\">\n\t\t\t\t\t\t\t\t<svg xmlns=\"https:\/\/www.w3.org\/2000\/svg\" viewBox= \"0 0 448 512\"><path d=\"M432 256c0 17.69-14.33 32.01-32 32.01H256v144c0 17.69-14.33 31.99-32 31.99s-32-14.3-32-31.99v-144H48c-17.67 0-32-14.32-32-32.01s14.33-31.99 32-31.99H192v-144c0-17.69 14.33-32.01 32-32.01s32 14.32 32 32.01v144h144C417.7 224 432 238.3 432 256z\"><\/path><\/svg>\n\t\t\t\t\t\t\t<\/span>\n\t\t\t\t\t\t<span class=\"uagb-icon-active uagb-faq-icon-wrap\">\n\t\t\t\t\t\t\t\t<svg xmlns=\"https:\/\/www.w3.org\/2000\/svg\" viewBox= \"0 0 448 512\"><path d=\"M400 288h-352c-17.69 0-32-14.32-32-32.01s14.31-31.99 32-31.99h352c17.69 0 32 14.3 32 31.99S417.7 288 400 288z\"><\/path><\/svg>\n\t\t\t\t\t\t\t<\/span>\n\t\t\t<span class=\"uagb-question\">\ud83d\udead<strong> Czy mo\u017cna pali\u0107 w apartamencie?<\/strong><\/span><\/div><div class=\"uagb-faq-content\"><p>Dbamy o komfort i bezpiecze\u0144stwo wszystkich go\u015bci, dlatego w apartamentach obowi\u0105zuje <strong>ca\u0142kowity zakaz palenia tytoniu oraz papieros\u00f3w elektronicznych<\/strong>. Obiekt jest wyposa\u017cony w czujki dymu.<\/p><\/div><\/div><div class=\"wp-block-uagb-faq-child uagb-faq-child__outer-wrap uagb-faq-item uagb-block-d194af5f \" role=\"tab\" tabindex=\"0\"><div class=\"uagb-faq-questions-button uagb-faq-questions\">\t\t\t<span class=\"uagb-icon uagb-faq-icon-wrap\">\n\t\t\t\t\t\t\t\t<svg xmlns=\"https:\/\/www.w3.org\/2000\/svg\" viewBox= \"0 0 448 512\"><path d=\"M432 256c0 17.69-14.33 32.01-32 32.01H256v144c0 17.69-14.33 31.99-32 31.99s-32-14.3-32-31.99v-144H48c-17.67 0-32-14.32-32-32.01s14.33-31.99 32-31.99H192v-144c0-17.69 14.33-32.01 32-32.01s32 14.32 32 32.01v144h144C417.7 224 432 238.3 432 256z\"><\/path><\/svg>\n\t\t\t\t\t\t\t<\/span>\n\t\t\t\t\t\t<span class=\"uagb-icon-active uagb-faq-icon-wrap\">\n\t\t\t\t\t\t\t\t<svg xmlns=\"https:\/\/www.w3.org\/2000\/svg\" viewBox= \"0 0 448 512\"><path d=\"M400 288h-352c-17.69 0-32-14.32-32-32.01s14.31-31.99 32-31.99h352c17.69 0 32 14.3 32 31.99S417.7 288 400 288z\"><\/path><\/svg>\n\t\t\t\t\t\t\t<\/span>\n\t\t\t<span class=\"uagb-question\">\ud83d\udc76 <strong>Czy dzieci s\u0105 mile widziane?<\/strong><\/span><\/div><div class=\"uagb-faq-content\"><p>Oczywi\u015bcie! Nasze apartamenty s\u0105 <strong>przyjazne rodzinom z dzie\u0107mi<\/strong>.<\/p><\/div><\/div><div class=\"wp-block-uagb-faq-child uagb-faq-child__outer-wrap uagb-faq-item uagb-block-c1d43c5a \" role=\"tab\" tabindex=\"0\"><div class=\"uagb-faq-questions-button uagb-faq-questions\">\t\t\t<span class=\"uagb-icon uagb-faq-icon-wrap\">\n\t\t\t\t\t\t\t\t<svg xmlns=\"https:\/\/www.w3.org\/2000\/svg\" viewBox= \"0 0 448 512\"><path d=\"M432 256c0 17.69-14.33 32.01-32 32.01H256v144c0 17.69-14.33 31.99-32 31.99s-32-14.3-32-31.99v-144H48c-17.67 0-32-14.32-32-32.01s14.33-31.99 32-31.99H192v-144c0-17.69 14.33-32.01 32-32.01s32 14.32 32 32.01v144h144C417.7 224 432 238.3 432 256z\"><\/path><\/svg>\n\t\t\t\t\t\t\t<\/span>\n\t\t\t\t\t\t<span class=\"uagb-icon-active uagb-faq-icon-wrap\">\n\t\t\t\t\t\t\t\t<svg xmlns=\"https:\/\/www.w3.org\/2000\/svg\" viewBox= \"0 0 448 512\"><path d=\"M400 288h-352c-17.69 0-32-14.32-32-32.01s14.31-31.99 32-31.99h352c17.69 0 32 14.3 32 31.99S417.7 288 400 288z\"><\/path><\/svg>\n\t\t\t\t\t\t\t<\/span>\n\t\t\t<span class=\"uagb-question\">\ud83d\udc3e <strong>Czy zwierz\u0119ta s\u0105 akceptowane?<\/strong><\/span><\/div><div class=\"uagb-faq-content\"><p>Nasze apartamenty s\u0105 antyalergiczne, dlatego obowi\u0105zuje zakaz wprowadzania zwierz\u0105t. Dzi\u0119ki temu zapewniamy czyste i zdrowe \u015brodowisko dla wszystkich go\u015bci.<\/p><\/div><\/div><div class=\"wp-block-uagb-faq-child uagb-faq-child__outer-wrap uagb-faq-item uagb-block-2ce7b43d \" role=\"tab\" tabindex=\"0\"><div class=\"uagb-faq-questions-button uagb-faq-questions\">\t\t\t<span class=\"uagb-icon uagb-faq-icon-wrap\">\n\t\t\t\t\t\t\t\t<svg xmlns=\"https:\/\/www.w3.org\/2000\/svg\" viewBox= \"0 0 448 512\"><path d=\"M432 256c0 17.69-14.33 32.01-32 32.01H256v144c0 17.69-14.33 31.99-32 31.99s-32-14.3-32-31.99v-144H48c-17.67 0-32-14.32-32-32.01s14.33-31.99 32-31.99H192v-144c0-17.69 14.33-32.01 32-32.01s32 14.32 32 32.01v144h144C417.7 224 432 238.3 432 256z\"><\/path><\/svg>\n\t\t\t\t\t\t\t<\/span>\n\t\t\t\t\t\t<span class=\"uagb-icon-active uagb-faq-icon-wrap\">\n\t\t\t\t\t\t\t\t<svg xmlns=\"https:\/\/www.w3.org\/2000\/svg\" viewBox= \"0 0 448 512\"><path d=\"M400 288h-352c-17.69 0-32-14.32-32-32.01s14.31-31.99 32-31.99h352c17.69 0 32 14.3 32 31.99S417.7 288 400 288z\"><\/path><\/svg>\n\t\t\t\t\t\t\t<\/span>\n\t\t\t<span class=\"uagb-question\">\ud83d\udeb2 <strong>Gdzie mo\u017cna zostawi\u0107 rowery (sprz\u0119t sportowy)?<\/strong><\/span><\/div><div class=\"uagb-faq-content\"><p>Ze wzgl\u0119d\u00f3w bezpiecze\u0144stwa i dba\u0142o\u015bci o obiekt obowi\u0105zuje <strong>zakaz wnoszenia rower\u00f3w do apartament\u00f3w oraz przewo\u017cenia ich wind\u0105<\/strong>.<br>Do dyspozycji go\u015bci przygotowali\u015bmy zamykany i monitorowany parking rowerowy w gara\u017cu podziemnym, gdzie rower mo\u017cna powiesi\u0107 za przednie ko\u0142o i przypi\u0105\u0107. Klucz do parkingu rowerowego znajduje si\u0119 w apartamencie.<\/p><\/div><\/div><div class=\"wp-block-uagb-faq-child uagb-faq-child__outer-wrap uagb-faq-item uagb-block-840f0d6f \" role=\"tab\" tabindex=\"0\"><div class=\"uagb-faq-questions-button uagb-faq-questions\">\t\t\t<span class=\"uagb-icon uagb-faq-icon-wrap\">\n\t\t\t\t\t\t\t\t<svg xmlns=\"https:\/\/www.w3.org\/2000\/svg\" viewBox= \"0 0 448 512\"><path d=\"M432 256c0 17.69-14.33 32.01-32 32.01H256v144c0 17.69-14.33 31.99-32 31.99s-32-14.3-32-31.99v-144H48c-17.67 0-32-14.32-32-32.01s14.33-31.99 32-31.99H192v-144c0-17.69 14.33-32.01 32-32.01s32 14.32 32 32.01v144h144C417.7 224 432 238.3 432 256z\"><\/path><\/svg>\n\t\t\t\t\t\t\t<\/span>\n\t\t\t\t\t\t<span class=\"uagb-icon-active uagb-faq-icon-wrap\">\n\t\t\t\t\t\t\t\t<svg xmlns=\"https:\/\/www.w3.org\/2000\/svg\" viewBox= \"0 0 448 512\"><path d=\"M400 288h-352c-17.69 0-32-14.32-32-32.01s14.31-31.99 32-31.99h352c17.69 0 32 14.3 32 31.99S417.7 288 400 288z\"><\/path><\/svg>\n\t\t\t\t\t\t\t<\/span>\n\t\t\t<span class=\"uagb-question\">\ud83d\udd52 <strong>Jak wygl\u0105da meldowanie i godziny zameldowania?<\/strong><\/span><\/div><div class=\"uagb-faq-content\"><p>Meldowanie odbywa si\u0119 wygodnie dzi\u0119ki systemowi kod\u00f3w i kart.<br>Go\u015bcie otrzymuj\u0105 jednorazowy kod otwarcia apartamentu, kt\u00f3ry dzia\u0142a przez ca\u0142y okres rezerwacji.<br>W apartamencie znajduje si\u0119 r\u00f3wnie\u017c chip, kt\u00f3rym mo\u017cna otwiera\u0107 drzwi.<br>Zameldowanie mo\u017cliwe jest od wczesnych godzin porannych, a wymeldowanie do godziny 11:00. Istnieje mo\u017cliwo\u015b\u0107 zmiany godziny po wcze\u015bniejszym kontakcie.<\/p><\/div><\/div><div class=\"wp-block-uagb-faq-child uagb-faq-child__outer-wrap uagb-faq-item uagb-block-5712d3b4 \" role=\"tab\" tabindex=\"0\"><div class=\"uagb-faq-questions-button uagb-faq-questions\">\t\t\t<span class=\"uagb-icon uagb-faq-icon-wrap\">\n\t\t\t\t\t\t\t\t<svg xmlns=\"https:\/\/www.w3.org\/2000\/svg\" viewBox= \"0 0 448 512\"><path d=\"M432 256c0 17.69-14.33 32.01-32 32.01H256v144c0 17.69-14.33 31.99-32 31.99s-32-14.3-32-31.99v-144H48c-17.67 0-32-14.32-32-32.01s14.33-31.99 32-31.99H192v-144c0-17.69 14.33-32.01 32-32.01s32 14.32 32 32.01v144h144C417.7 224 432 238.3 432 256z\"><\/path><\/svg>\n\t\t\t\t\t\t\t<\/span>\n\t\t\t\t\t\t<span class=\"uagb-icon-active uagb-faq-icon-wrap\">\n\t\t\t\t\t\t\t\t<svg xmlns=\"https:\/\/www.w3.org\/2000\/svg\" viewBox= \"0 0 448 512\"><path d=\"M400 288h-352c-17.69 0-32-14.32-32-32.01s14.31-31.99 32-31.99h352c17.69 0 32 14.3 32 31.99S417.7 288 400 288z\"><\/path><\/svg>\n\t\t\t\t\t\t\t<\/span>\n\t\t\t<span class=\"uagb-question\">\ud83c\udd7f\ufe0f <strong>Jak wygl\u0105da kwestia parkingu?<\/strong><\/span><\/div><div class=\"uagb-faq-content\"><p>Gwarantujemy jedno miejsce parkingowe \u2014 wewn\u0119trzne lub zewn\u0119trzne \u2014 w zale\u017cno\u015bci od wybranego lokalu i dokonanej rezerwacji.<br>Je\u017celi potrzebne jest dodatkowe miejsce parkingowe, istnieje mo\u017cliwo\u015b\u0107 jego wykupienia na parkingu tu\u017c obok obiektu.<\/p><\/div><\/div><div class=\"wp-block-uagb-faq-child uagb-faq-child__outer-wrap uagb-faq-item uagb-block-50f8affb \" role=\"tab\" tabindex=\"0\"><div class=\"uagb-faq-questions-button uagb-faq-questions\">\t\t\t<span class=\"uagb-icon uagb-faq-icon-wrap\">\n\t\t\t\t\t\t\t\t<svg xmlns=\"https:\/\/www.w3.org\/2000\/svg\" viewBox= \"0 0 448 512\"><path d=\"M432 256c0 17.69-14.33 32.01-32 32.01H256v144c0 17.69-14.33 31.99-32 31.99s-32-14.3-32-31.99v-144H48c-17.67 0-32-14.32-32-32.01s14.33-31.99 32-31.99H192v-144c0-17.69 14.33-32.01 32-32.01s32 14.32 32 32.01v144h144C417.7 224 432 238.3 432 256z\"><\/path><\/svg>\n\t\t\t\t\t\t\t<\/span>\n\t\t\t\t\t\t<span class=\"uagb-icon-active uagb-faq-icon-wrap\">\n\t\t\t\t\t\t\t\t<svg xmlns=\"https:\/\/www.w3.org\/2000\/svg\" viewBox= \"0 0 448 512\"><path d=\"M400 288h-352c-17.69 0-32-14.32-32-32.01s14.31-31.99 32-31.99h352c17.69 0 32 14.3 32 31.99S417.7 288 400 288z\"><\/path><\/svg>\n\t\t\t\t\t\t\t<\/span>\n\t\t\t<span class=\"uagb-question\">\ud83d\udcb3 <strong>Czy mog\u0119 zap\u0142aci\u0107 na miejscu?<\/strong><\/span><\/div><div class=\"uagb-faq-content\"><p>P\u0142atno\u015bci realizujemy wy\u0142\u0105cznie online \u2013 przelewem lub BLIK na telefon podczas potwierdzania rezerwacji.<\/p><\/div><\/div><div class=\"wp-block-uagb-faq-child uagb-faq-child__outer-wrap uagb-faq-item uagb-block-a8767d48 \" role=\"tab\" tabindex=\"0\"><div class=\"uagb-faq-questions-button uagb-faq-questions\">\t\t\t<span class=\"uagb-icon uagb-faq-icon-wrap\">\n\t\t\t\t\t\t\t\t<svg xmlns=\"https:\/\/www.w3.org\/2000\/svg\" viewBox= \"0 0 448 512\"><path d=\"M432 256c0 17.69-14.33 32.01-32 32.01H256v144c0 17.69-14.33 31.99-32 31.99s-32-14.3-32-31.99v-144H48c-17.67 0-32-14.32-32-32.01s14.33-31.99 32-31.99H192v-144c0-17.69 14.33-32.01 32-32.01s32 14.32 32 32.01v144h144C417.7 224 432 238.3 432 256z\"><\/path><\/svg>\n\t\t\t\t\t\t\t<\/span>\n\t\t\t\t\t\t<span class=\"uagb-icon-active uagb-faq-icon-wrap\">\n\t\t\t\t\t\t\t\t<svg xmlns=\"https:\/\/www.w3.org\/2000\/svg\" viewBox= \"0 0 448 512\"><path d=\"M400 288h-352c-17.69 0-32-14.32-32-32.01s14.31-31.99 32-31.99h352c17.69 0 32 14.3 32 31.99S417.7 288 400 288z\"><\/path><\/svg>\n\t\t\t\t\t\t\t<\/span>\n\t\t\t<span class=\"uagb-question\">\u274c <strong>Warunki rezygnacji  z rezerwacji?<\/strong><\/span><\/div><div class=\"uagb-faq-content\"><p>Je\u015bli rezygnacja nast\u0105pi <strong>wi\u0119cej ni\u017c 14 dni<\/strong> przed rozpocz\u0119ciem pobytu, zwracamy <strong>100% op\u0142aconej kwoty<\/strong>. <\/p><\/div><\/div><\/div>\n\n\n<p><\/p>\n\n\n\n<p class=\"has-medium-font-size\">\ud83e\udd14  Nie znalaz\u0142e\u015b odpowiedzi?<br><br> <mark style=\"background-color:var(--ast-global-color-0)\" class=\"has-inline-color has-ast-global-color-5-color\">\ud83d\udc49   <a href=\"https:\/\/hikebike.pl\/kontakt\/\" data-type=\"page\" data-id=\"2657\">Napisz do nas<\/a>  <\/mark><br><\/p>\n\n\n\n<p><\/p>\n","protected":false},"excerpt":{"rendered":"<p>\u2753 Najcz\u0119\u015bciej zadawane pytania \ud83e\udd14 Nie znalaz\u0142e\u015b odpowiedzi? \ud83d\udc49 Napisz do nas<\/p>\n","protected":false},"author":1,"featured_media":3115,"parent":0,"menu_order":0,"comment_status":"closed","ping_status":"closed","template":"","meta":{"_uag_custom_page_level_css":"","site-sidebar-layout":"default","site-content-layout":"","ast-site-content-layout":"default","site-content-style":"default","site-sidebar-style":"default","ast-global-header-display":"","ast-banner-title-visibility":"","ast-main-header-display":"","ast-hfb-above-header-display":"","ast-hfb-below-header-display":"","ast-hfb-mobile-header-display":"","site-post-title":"","ast-breadcrumbs-content":"","ast-featured-img":"","footer-sml-layout":"","ast-disable-related-posts":"","theme-transparent-header-meta":"","adv-header-id-meta":"","stick-header-meta":"","header-above-stick-meta":"","header-main-stick-meta":"","header-below-stick-meta":"","astra-migrate-meta-layouts":"set","ast-page-background-enabled":"default","ast-page-background-meta":{"desktop":{"background-color":"","background-image":"","background-repeat":"repeat","background-position":"center center","background-size":"auto","background-attachment":"scroll","background-type":"","background-media":"","overlay-type":"","overlay-color":"","overlay-opacity":"","overlay-gradient":""},"tablet":{"background-color":"","background-image":"","background-repeat":"repeat","background-position":"center center","background-size":"auto","background-attachment":"scroll","background-type":"","background-media":"","overlay-type":"","overlay-color":"","overlay-opacity":"","overlay-gradient":""},"mobile":{"background-color":"","background-image":"","background-repeat":"repeat","background-position":"center center","background-size":"auto","background-attachment":"scroll","background-type":"","background-media":"","overlay-type":"","overlay-color":"","overlay-opacity":"","overlay-gradient":""}},"ast-content-background-meta":{"desktop":{"background-color":"var(--ast-global-color-5)","background-image":"","background-repeat":"repeat","background-position":"center center","background-size":"auto","background-attachment":"scroll","background-type":"","background-media":"","overlay-type":"","overlay-color":"","overlay-opacity":"","overlay-gradient":""},"tablet":{"background-color":"var(--ast-global-color-5)","background-image":"","background-repeat":"repeat","background-position":"center center","background-size":"auto","background-attachment":"scroll","background-type":"","background-media":"","overlay-type":"","overlay-color":"","overlay-opacity":"","overlay-gradient":""},"mobile":{"background-color":"var(--ast-global-color-5)","background-image":"","background-repeat":"repeat","background-position":"center center","background-size":"auto","background-attachment":"scroll","background-type":"","background-media":"","overlay-type":"","overlay-color":"","overlay-opacity":"","overlay-gradient":""}},"pgc_sgb_lightbox_settings":"","footnotes":""},"class_list":["post-3118","page","type-page","status-publish","has-post-thumbnail","hentry"],"_hostinger_reach_plugin_has_subscription_block":false,"_hostinger_reach_plugin_is_elementor":false,"uagb_featured_image_src":{"full":["https:\/\/hikebike.pl\/wp-content\/uploads\/2025\/12\/logo_hikebike_180_180-1.png",180,180,false],"thumbnail":["https:\/\/hikebike.pl\/wp-content\/uploads\/2025\/12\/logo_hikebike_180_180-1-150x150.png",150,150,true],"medium":["https:\/\/hikebike.pl\/wp-content\/uploads\/2025\/12\/logo_hikebike_180_180-1.png",180,180,false],"medium_large":["https:\/\/hikebike.pl\/wp-content\/uploads\/2025\/12\/logo_hikebike_180_180-1.png",180,180,false],"large":["https:\/\/hikebike.pl\/wp-content\/uploads\/2025\/12\/logo_hikebike_180_180-1.png",180,180,false],"1536x1536":["https:\/\/hikebike.pl\/wp-content\/uploads\/2025\/12\/logo_hikebike_180_180-1.png",180,180,false],"2048x2048":["https:\/\/hikebike.pl\/wp-content\/uploads\/2025\/12\/logo_hikebike_180_180-1.png",180,180,false],"trp-custom-language-flag":["https:\/\/hikebike.pl\/wp-content\/uploads\/2025\/12\/logo_hikebike_180_180-1.png",12,12,false]},"uagb_author_info":{"display_name":"andrewwd68@gmail.com","author_link":"https:\/\/hikebike.pl\/pl\/author\/andrewwd68gmail-com\/"},"uagb_comment_info":0,"uagb_excerpt":"\u2753 Najcz\u0119\u015bciej zadawane pytania \ud83e\udd14 Nie znalaz\u0142e\u015b odpowiedzi? \ud83d\udc49 Napisz do nas","_links":{"self":[{"href":"https:\/\/hikebike.pl\/pl\/wp-json\/wp\/v2\/pages\/3118","targetHints":{"allow":["GET"]}}],"collection":[{"href":"https:\/\/hikebike.pl\/pl\/wp-json\/wp\/v2\/pages"}],"about":[{"href":"https:\/\/hikebike.pl\/pl\/wp-json\/wp\/v2\/types\/page"}],"author":[{"embeddable":true,"href":"https:\/\/hikebike.pl\/pl\/wp-json\/wp\/v2\/users\/1"}],"replies":[{"embeddable":true,"href":"https:\/\/hikebike.pl\/pl\/wp-json\/wp\/v2\/comments?post=3118"}],"version-history":[{"count":32,"href":"https:\/\/hikebike.pl\/pl\/wp-json\/wp\/v2\/pages\/3118\/revisions"}],"predecessor-version":[{"id":3498,"href":"https:\/\/hikebike.pl\/pl\/wp-json\/wp\/v2\/pages\/3118\/revisions\/3498"}],"wp:featuredmedia":[{"embeddable":true,"href":"https:\/\/hikebike.pl\/pl\/wp-json\/wp\/v2\/media\/3115"}],"wp:attachment":[{"href":"https:\/\/hikebike.pl\/pl\/wp-json\/wp\/v2\/media?parent=3118"}],"curies":[{"name":"wp","href":"https:\/\/api.w.org\/{rel}","templated":true}]}}