{"id":2653,"date":"2025-12-13T16:35:32","date_gmt":"2025-12-13T16:35:32","guid":{"rendered":"https:\/\/hikebike.pl\/?page_id=2653"},"modified":"2025-12-16T16:38:46","modified_gmt":"2025-12-16T16:38:46","slug":"recepcja","status":"publish","type":"page","link":"https:\/\/hikebike.pl\/pl\/recepcja\/","title":{"rendered":"Recepcja"},"content":{"rendered":"\n<h2 class=\"wp-block-heading has-small-font-size\">Rower, wypoczynek, biznesowy wyjazd \u2013 rezerwuj nocleg w Beskidach<\/h2>\n\n\n<p>Prosz\u0119 wype\u0142ni\u0107 formularz w celu wyceny Pa\u0144stwa pobytu w naszym apartamencie. Po otrzymaniu informacji zwrotnej od nas i zaakceptowaniu naszej oferty, nale\u017cy dokona\u0107 p\u0142atno\u015bci rezerwacyjnej wed\u0142ug informacji zawartych w email.<\/p>\n\n\n<div class=\"forminator-guttenberg\"><div class=\"forminator-ui forminator-custom-form forminator-custom-form-2872 forminator-design--default  forminator_ajax\" data-forminator-render=\"0\" data-form=\"forminator-module-2872\" data-uid=\"69d00e66a0fc9\"><br\/><\/div><form\n\t\t\t\tid=\"forminator-module-2872\"\n\t\t\t\tclass=\"forminator-ui forminator-custom-form forminator-custom-form-2872 forminator-design--default  forminator_ajax\"\n\t\t\t\tmethod=\"post\"\n\t\t\t\tdata-forminator-render=\"0\"\n\t\t\t\tdata-form-id=\"2872\"\n\t\t\t\t data-color-option=\"theme\" data-design=\"default\" data-grid=\"open\" style=\"display: none;\"\n\t\t\t\tdata-uid=\"69d00e66a0fc9\"\n\t\t\t><div role=\"alert\" aria-live=\"polite\" class=\"forminator-response-message forminator-error\" aria-hidden=\"true\"><\/div><div class=\"forminator-row\"><div id=\"select-1\" class=\"forminator-field-select forminator-col forminator-col-12 \"><div class=\"forminator-field\"><label for=\"forminator-form-2872__field--select-1_69d00e66a0fc9\" id=\"forminator-form-2872__field--select-1_69d00e66a0fc9-label\" class=\"forminator-label\">Faktura <span class=\"forminator-required\">*<\/span><\/label><select  id=\"forminator-form-2872__field--select-1_69d00e66a0fc9\" class=\"forminator-select--field forminator-select2 forminator-select2-multiple\" data-required=\"1\" name=\"select-1\" data-default-value=\"\" data-hidden-behavior=\"zero\" data-placeholder=\"Wybierz\" data-search=\"false\" data-search-placeholder=\"Wybierz\" data-checkbox=\"false\" data-allow-clear=\"false\" aria-labelledby=\"forminator-form-2872__field--select-1_69d00e66a0fc9-label\"><option value=\"\"  >Wybierz<\/option><option value=\"one\"  data-calculation=\"0\">Faktura z NIP<\/option><option value=\"two\"  data-calculation=\"0\">Prywatnie bez NIP<\/option><\/select><\/div><\/div><\/div><div class=\"forminator-row\"><div id=\"date-1\" class=\"forminator-field-date forminator-col forminator-col-6 \"><div class=\"forminator-field\"><label for=\"forminator-field-date-1-picker_69d00e66a0fc9\" id=\"forminator-field-date-1-picker_69d00e66a0fc9-label\" class=\"forminator-label\">Data zameldowania <span class=\"forminator-required\">*<\/span><\/label><div class=\"forminator-input-with-icon\"><span class=\"forminator-icon-calendar\" aria-hidden=\"true\"><\/span><input autocomplete=\"off\" type=\"text\" size=\"1\" name=\"date-1\" value=\"03-04-2026\" placeholder=\"Wybierz dat\u0119\" id=\"forminator-field-date-1-picker_69d00e66a0fc9\" class=\"forminator-input forminator-datepicker\" data-required=\"1\" data-format=\"dd-mm-yy\" data-restrict-type=\"\" data-restrict=\"\" data-start-year=\"2026\" data-end-year=\"2126\" data-past-dates=\"enable\" data-start-of-week=\"1\" data-start-date=\"2026-04-03\" data-end-date=\"\" data-start-field=\"\" data-end-field=\"\" data-start-offset=\"\" data-end-offset=\"\" data-disable-date=\"\" data-disable-range=\"\" \/><\/div><\/div><\/div><div id=\"date-2\" class=\"forminator-field-date forminator-col forminator-col-6 \"><div class=\"forminator-field\"><label for=\"forminator-field-date-2-picker_69d00e66a0fc9\" id=\"forminator-field-date-2-picker_69d00e66a0fc9-label\" class=\"forminator-label\">Data wymeldowania <span class=\"forminator-required\">*<\/span><\/label><div class=\"forminator-input-with-icon\"><span class=\"forminator-icon-calendar\" aria-hidden=\"true\"><\/span><input autocomplete=\"off\" type=\"text\" size=\"1\" name=\"date-2\" value=\"03-04-2026\" placeholder=\"Wybierz dat\u0119\" id=\"forminator-field-date-2-picker_69d00e66a0fc9\" class=\"forminator-input forminator-datepicker\" data-required=\"1\" data-format=\"dd-mm-yy\" data-restrict-type=\"\" data-restrict=\"\" data-start-year=\"1926\" data-end-year=\"2126\" data-past-dates=\"enable\" data-start-of-week=\"1\" data-start-date=\"\" data-end-date=\"\" data-start-field=\"date-1\" data-end-field=\"\" data-start-offset=\"+_1_days\" data-end-offset=\"\" data-disable-date=\"\" data-disable-range=\"\" \/><\/div><\/div><\/div><\/div><div class=\"forminator-row\"><div id=\"select-3\" class=\"forminator-field-select forminator-col forminator-col-12 \"><div class=\"forminator-field\"><label for=\"forminator-form-2872__field--select-3_69d00e66a0fc9\" id=\"forminator-form-2872__field--select-3_69d00e66a0fc9-label\" class=\"forminator-label\">Liczba os\u00f3b doros\u0142ych <span class=\"forminator-required\">*<\/span><\/label><select  id=\"forminator-form-2872__field--select-3_69d00e66a0fc9\" class=\"forminator-select--field forminator-select2 forminator-select2-multiple\" data-required=\"1\" name=\"select-3\" data-default-value=\"\" data-hidden-behavior=\"zero\" data-placeholder=\"Wybierz liczbe os\u00f3b doros\u0142ych\" data-search=\"false\" data-search-placeholder=\"Wybierz liczbe os\u00f3b doros\u0142ych\" data-checkbox=\"false\" data-allow-clear=\"false\" aria-labelledby=\"forminator-form-2872__field--select-3_69d00e66a0fc9-label\"><option value=\"\"  >Wybierz liczbe os\u00f3b doros\u0142ych<\/option><option value=\"one\"  data-calculation=\"0\">1 osoba<\/option><option value=\"two\"  data-calculation=\"0\">2 osoby<\/option><option value=\"3-osoby\"  data-calculation=\"0\">3 osoby<\/option><option value=\"4-osoby\"  data-calculation=\"0\">4 osoby<\/option><\/select><\/div><\/div><\/div><div class=\"forminator-row\"><div id=\"select-4\" class=\"forminator-field-select forminator-col forminator-col-12 \"><div class=\"forminator-field\"><label for=\"forminator-form-2872__field--select-4_69d00e66a0fc9\" id=\"forminator-form-2872__field--select-4_69d00e66a0fc9-label\" class=\"forminator-label\">Liczba dzieci <span class=\"forminator-required\">*<\/span><\/label><select  id=\"forminator-form-2872__field--select-4_69d00e66a0fc9\" class=\"forminator-select--field forminator-select2 forminator-select2-multiple\" data-required=\"1\" name=\"select-4\" data-default-value=\"\" data-hidden-behavior=\"zero\" data-placeholder=\"Wybierz liczbe dzieci\" data-search=\"false\" data-search-placeholder=\"Wybierz liczbe dzieci\" data-checkbox=\"false\" data-allow-clear=\"false\" aria-labelledby=\"forminator-form-2872__field--select-4_69d00e66a0fc9-label\"><option value=\"\"  >Wybierz liczbe dzieci<\/option><option value=\"one\"  data-calculation=\"0\">1 osoba<\/option><option value=\"two\"  data-calculation=\"0\">2 osoby<\/option><option value=\"3-osoby\"  data-calculation=\"0\">3 osoby<\/option><\/select><\/div><\/div><\/div><div class=\"forminator-row\"><div id=\"select-2\" class=\"forminator-field-select forminator-col forminator-col-12 \"><div class=\"forminator-field\"><label for=\"forminator-form-2872__field--select-2_69d00e66a0fc9\" id=\"forminator-form-2872__field--select-2_69d00e66a0fc9-label\" class=\"forminator-label\">Miejsce parkingowe <span class=\"forminator-required\">*<\/span><\/label><select  id=\"forminator-form-2872__field--select-2_69d00e66a0fc9\" class=\"forminator-select--field forminator-select2 forminator-select2-multiple\" data-required=\"1\" name=\"select-2\" data-default-value=\"\" data-hidden-behavior=\"zero\" data-placeholder=\"Wybierz\" data-search=\"false\" data-search-placeholder=\"Wybierz\" data-checkbox=\"false\" data-allow-clear=\"false\" aria-labelledby=\"forminator-form-2872__field--select-2_69d00e66a0fc9-label\"><option value=\"\"  >Wybierz<\/option><option value=\"one\"  data-calculation=\"0\">Wy\u0142\u0105czne miejsce parkingowe na zewn\u0105trz<\/option><option value=\"two\"  data-calculation=\"0\">Wy\u0142\u0105czne miejsce parkingowe w parkingu podziemnym<\/option><option value=\"Nie-potrzebuje\"  data-calculation=\"0\">Nie potrzebuje<\/option><\/select><\/div><\/div><\/div><div class=\"forminator-row\"><div id=\"textarea-1\" class=\"forminator-field-textarea forminator-col forminator-col-12 \"><div class=\"forminator-field\"><label for=\"forminator-field-textarea-1_69d00e66a0fc9\" id=\"forminator-field-textarea-1_69d00e66a0fc9-label\" class=\"forminator-label\">Dodatkowe adnotacje i pytania<\/label><span id=\"forminator-field-textarea-1_69d00e66a0fc9-description\" class=\"forminator-description\"><span data-limit=\"180\" data-type=\"characters\" data-editor=\"\">0 \/ 180<\/span><\/span><textarea name=\"textarea-1\" placeholder=\"\" id=\"forminator-field-textarea-1_69d00e66a0fc9\" class=\"forminator-textarea\" rows=\"6\" style=\"min-height:140px;\" maxlength=\"180\" ><\/textarea><\/div><\/div><\/div><div class=\"forminator-row\"><div id=\"name-1\" class=\"forminator-field-name forminator-col forminator-col-12 \"><div class=\"forminator-row forminator-no-margin\" data-multiple=\"true\"><div class=\"forminator-col forminator-col-md-6\"><div class=\"forminator-field\"><label for=\"forminator-field-first-name-1_69d00e66a0fc9\" id=\"forminator-field-first-name-1_69d00e66a0fc9-label\" class=\"forminator-label\">Imi\u0119 <span class=\"forminator-required\">*<\/span><\/label><input type=\"text\" name=\"name-1-first-name\" placeholder=\"\" id=\"forminator-field-first-name-1_69d00e66a0fc9\" class=\"forminator-input\" aria-required=\"true\" data-multi=\"1\" autocomplete=\"given-name\" value=\"\" \/><\/div><\/div><\/div><\/div><\/div><div class=\"forminator-row\"><div id=\"email-1\" class=\"forminator-field-email forminator-col forminator-col-12 \"><div class=\"forminator-field\"><label for=\"forminator-field-email-1_69d00e66a0fc9\" id=\"forminator-field-email-1_69d00e66a0fc9-label\" class=\"forminator-label\">Adres e-mail <span class=\"forminator-required\">*<\/span><\/label><input type=\"email\" name=\"email-1\" value=\"\" placeholder=\"\" id=\"forminator-field-email-1_69d00e66a0fc9\" class=\"forminator-input forminator-email--field\" data-required=\"true\" aria-required=\"true\" autocomplete=\"email\" \/><\/div><\/div><\/div><div class=\"forminator-row\"><div id=\"phone-1\" class=\"forminator-field-phone forminator-col forminator-col-12 \"><div class=\"forminator-field\"><label for=\"forminator-field-phone-1_69d00e66a0fc9\" id=\"forminator-field-phone-1_69d00e66a0fc9-label\" class=\"forminator-label\">Numer telefonu<\/label><input type=\"text\" name=\"phone-1\" value=\"\" placeholder=\"\" id=\"forminator-field-phone-1_69d00e66a0fc9\" class=\"forminator-input forminator-field--phone\" data-required=\"\" aria-required=\"false\" autocomplete=\"off\" data-validation=\"1\" \/><\/div><\/div><\/div><div class=\"forminator-row\"><div id=\"checkbox-2\" class=\"forminator-field-checkbox forminator-col forminator-col-12 \"><div role=\"group\" class=\"forminator-field required\" aria-labelledby=\"forminator-checkbox-group-forminator-field-checkbox-2-69d00e66a0fc9-label\"><span id=\"forminator-checkbox-group-forminator-field-checkbox-2-69d00e66a0fc9-label\" class=\"forminator-label\">Zatwierd\u017a zgode <span class=\"forminator-required\">*<\/span><\/span><label id=\"forminator-field-checkbox-2-1-69d00e66a0fc9-label\" for=\"forminator-field-checkbox-2-1-69d00e66a0fc9\" class=\"forminator-checkbox\" title=\"O\u015bwiadczam, \u017ce zapozna\u0142em\/am si\u0119 z Regulaminem Obiektu  i wyra\u017cam zgod\u0119 na przygotowanie wyceny zakwaterowania  na podstawie podanych przeze mnie danych.\"><input type=\"checkbox\" name=\"checkbox-2[]\" value=\"service-1\" id=\"forminator-field-checkbox-2-1-69d00e66a0fc9\" aria-labelledby=\"forminator-field-checkbox-2-1-69d00e66a0fc9-label\" data-calculation=\"0\"  \/><span class=\"forminator-checkbox-box\" aria-hidden=\"true\"><\/span><span class=\"forminator-checkbox-label\">O\u015bwiadczam, \u017ce zapozna\u0142em\/am si\u0119 z Regulaminem Obiektu  i wyra\u017cam zgod\u0119 na przygotowanie wyceny zakwaterowania  na podstawie podanych przeze mnie danych.<\/span><\/label><\/div><\/div><\/div><input type=\"hidden\" name=\"referer_url\" value=\"\" \/><div class=\"forminator-row forminator-row-last\"><div class=\"forminator-col\"><div class=\"forminator-field\"><button class=\"forminator-button forminator-button-submit\">Sprawd\u017a cen\u0119 i dost\u0119pno\u015b\u0107<\/button><\/div><\/div><\/div><input type=\"hidden\" id=\"forminator_nonce\" name=\"forminator_nonce\" value=\"261495d7f3\" \/><input type=\"hidden\" name=\"_wp_http_referer\" value=\"\/pl\/wp-json\/wp\/v2\/pages\/2653\" \/><input type=\"hidden\" name=\"form_id\" value=\"2872\"><input type=\"hidden\" name=\"page_id\" value=\"2653\"><input type=\"hidden\" name=\"form_type\" value=\"default\"><input type=\"hidden\" name=\"current_url\" value=\"https:\/\/hikebike.pl\/pl\/recepcja\/\"><input type=\"hidden\" name=\"render_id\" value=\"0\"><input type=\"hidden\" name=\"action\" value=\"forminator_submit_form_custom-forms\"><\/form><\/div>\n\n\n<p>\ud83d\udc49<span style=\"color: #ff0000;\"><a style=\"color: #ff0000;\" href=\"https:\/\/hikebike.pl\/regulamin\/\">Regulamin apartamentu<\/a><\/span><\/p>\n\n\n<p><\/p>\n","protected":false},"excerpt":{"rendered":"<p>Rower, wypoczynek, biznesowy wyjazd \u2013 rezerwuj nocleg w Beskidach Prosz\u0119 wype\u0142ni\u0107 formularz w celu wyceny Pa\u0144stwa pobytu w naszym apartamencie. Po otrzymaniu informacji zwrotnej od nas i zaakceptowaniu naszej oferty, nale\u017cy dokona\u0107 p\u0142atno\u015bci rezerwacyjnej wed\u0142ug informacji zawartych w email. \ud83d\udc49Regulamin apartamentu<\/p>\n","protected":false},"author":1,"featured_media":3116,"parent":0,"menu_order":0,"comment_status":"closed","ping_status":"closed","template":"","meta":{"_uag_custom_page_level_css":"","site-sidebar-layout":"default","site-content-layout":"","ast-site-content-layout":"default","site-content-style":"default","site-sidebar-style":"default","ast-global-header-display":"","ast-banner-title-visibility":"","ast-main-header-display":"","ast-hfb-above-header-display":"","ast-hfb-below-header-display":"","ast-hfb-mobile-header-display":"","site-post-title":"","ast-breadcrumbs-content":"","ast-featured-img":"","footer-sml-layout":"","ast-disable-related-posts":"","theme-transparent-header-meta":"","adv-header-id-meta":"","stick-header-meta":"","header-above-stick-meta":"","header-main-stick-meta":"","header-below-stick-meta":"","astra-migrate-meta-layouts":"set","ast-page-background-enabled":"default","ast-page-background-meta":{"desktop":{"background-color":"","background-image":"","background-repeat":"repeat","background-position":"center center","background-size":"auto","background-attachment":"scroll","background-type":"","background-media":"","overlay-type":"","overlay-color":"","overlay-opacity":"","overlay-gradient":""},"tablet":{"background-color":"","background-image":"","background-repeat":"repeat","background-position":"center center","background-size":"auto","background-attachment":"scroll","background-type":"","background-media":"","overlay-type":"","overlay-color":"","overlay-opacity":"","overlay-gradient":""},"mobile":{"background-color":"","background-image":"","background-repeat":"repeat","background-position":"center center","background-size":"auto","background-attachment":"scroll","background-type":"","background-media":"","overlay-type":"","overlay-color":"","overlay-opacity":"","overlay-gradient":""}},"ast-content-background-meta":{"desktop":{"background-color":"var(--ast-global-color-5)","background-image":"","background-repeat":"repeat","background-position":"center center","background-size":"auto","background-attachment":"scroll","background-type":"","background-media":"","overlay-type":"","overlay-color":"","overlay-opacity":"","overlay-gradient":""},"tablet":{"background-color":"var(--ast-global-color-5)","background-image":"","background-repeat":"repeat","background-position":"center center","background-size":"auto","background-attachment":"scroll","background-type":"","background-media":"","overlay-type":"","overlay-color":"","overlay-opacity":"","overlay-gradient":""},"mobile":{"background-color":"var(--ast-global-color-5)","background-image":"","background-repeat":"repeat","background-position":"center center","background-size":"auto","background-attachment":"scroll","background-type":"","background-media":"","overlay-type":"","overlay-color":"","overlay-opacity":"","overlay-gradient":""}},"pgc_sgb_lightbox_settings":"","footnotes":""},"class_list":["post-2653","page","type-page","status-publish","has-post-thumbnail","hentry"],"_hostinger_reach_plugin_has_subscription_block":false,"_hostinger_reach_plugin_is_elementor":false,"uagb_featured_image_src":{"full":["https:\/\/hikebike.pl\/wp-content\/uploads\/2025\/12\/cropped-logo_hikebike_180_180-1.png",180,131,false],"thumbnail":["https:\/\/hikebike.pl\/wp-content\/uploads\/2025\/12\/cropped-logo_hikebike_180_180-1-150x131.png",150,131,true],"medium":["https:\/\/hikebike.pl\/wp-content\/uploads\/2025\/12\/cropped-logo_hikebike_180_180-1.png",180,131,false],"medium_large":["https:\/\/hikebike.pl\/wp-content\/uploads\/2025\/12\/cropped-logo_hikebike_180_180-1.png",180,131,false],"large":["https:\/\/hikebike.pl\/wp-content\/uploads\/2025\/12\/cropped-logo_hikebike_180_180-1.png",180,131,false],"1536x1536":["https:\/\/hikebike.pl\/wp-content\/uploads\/2025\/12\/cropped-logo_hikebike_180_180-1.png",180,131,false],"2048x2048":["https:\/\/hikebike.pl\/wp-content\/uploads\/2025\/12\/cropped-logo_hikebike_180_180-1.png",180,131,false],"trp-custom-language-flag":["https:\/\/hikebike.pl\/wp-content\/uploads\/2025\/12\/cropped-logo_hikebike_180_180-1.png",16,12,false]},"uagb_author_info":{"display_name":"andrewwd68@gmail.com","author_link":"https:\/\/hikebike.pl\/pl\/author\/andrewwd68gmail-com\/"},"uagb_comment_info":0,"uagb_excerpt":"Rower, wypoczynek, biznesowy wyjazd \u2013 rezerwuj nocleg w Beskidach Prosz\u0119 wype\u0142ni\u0107 formularz w celu wyceny Pa\u0144stwa pobytu w naszym apartamencie. Po otrzymaniu informacji zwrotnej od nas i zaakceptowaniu naszej oferty, nale\u017cy dokona\u0107 p\u0142atno\u015bci rezerwacyjnej wed\u0142ug informacji zawartych w email. \ud83d\udc49Regulamin apartamentu","_links":{"self":[{"href":"https:\/\/hikebike.pl\/pl\/wp-json\/wp\/v2\/pages\/2653","targetHints":{"allow":["GET"]}}],"collection":[{"href":"https:\/\/hikebike.pl\/pl\/wp-json\/wp\/v2\/pages"}],"about":[{"href":"https:\/\/hikebike.pl\/pl\/wp-json\/wp\/v2\/types\/page"}],"author":[{"embeddable":true,"href":"https:\/\/hikebike.pl\/pl\/wp-json\/wp\/v2\/users\/1"}],"replies":[{"embeddable":true,"href":"https:\/\/hikebike.pl\/pl\/wp-json\/wp\/v2\/comments?post=2653"}],"version-history":[{"count":9,"href":"https:\/\/hikebike.pl\/pl\/wp-json\/wp\/v2\/pages\/2653\/revisions"}],"predecessor-version":[{"id":3180,"href":"https:\/\/hikebike.pl\/pl\/wp-json\/wp\/v2\/pages\/2653\/revisions\/3180"}],"wp:featuredmedia":[{"embeddable":true,"href":"https:\/\/hikebike.pl\/pl\/wp-json\/wp\/v2\/media\/3116"}],"wp:attachment":[{"href":"https:\/\/hikebike.pl\/pl\/wp-json\/wp\/v2\/media?parent=2653"}],"curies":[{"name":"wp","href":"https:\/\/api.w.org\/{rel}","templated":true}]}}