{"id":7,"date":"2025-12-12T18:58:21","date_gmt":"2025-12-12T18:58:21","guid":{"rendered":"https:\/\/hikebike.pl\/?page_id=7"},"modified":"2026-01-25T12:07:12","modified_gmt":"2026-01-25T12:07:12","slug":"strona-glowna","status":"publish","type":"page","link":"https:\/\/hikebike.pl\/en\/","title":{"rendered":"About Us"},"content":{"rendered":"<figure class=\"wp-block-image alignfull\"><img loading=\"lazy\" decoding=\"async\" width=\"2000\" height=\"900\" src=\"https:\/\/hikebike.pl\/wp-content\/uploads\/2025\/12\/1000064670.jpg\" alt=\"Widok Kozia G\u00f3ra\" class=\"wp-image-2686\" title=\"About Us\" srcset=\"https:\/\/hikebike.pl\/wp-content\/uploads\/2025\/12\/1000064670.jpg 2000w, https:\/\/hikebike.pl\/wp-content\/uploads\/2025\/12\/1000064670-300x135.jpg 300w, https:\/\/hikebike.pl\/wp-content\/uploads\/2025\/12\/1000064670-1024x461.jpg 1024w, https:\/\/hikebike.pl\/wp-content\/uploads\/2025\/12\/1000064670-768x346.jpg 768w, https:\/\/hikebike.pl\/wp-content\/uploads\/2025\/12\/1000064670-1536x691.jpg 1536w\" sizes=\"auto, (max-width: 2000px) 100vw, 2000px\" \/><\/figure>\n\n\n\n<div class=\"wp-block-uagb-separator uagb-block-93d5344e\"><div class=\"wp-block-uagb-separator__inner\" style=\"--my-background-image:\"><\/div><\/div>\n\n\n\n<h1 class=\"wp-block-heading alignwide has-text-align-center\" style=\"margin-top:var(--wp--preset--spacing--20);margin-right:var(--wp--preset--spacing--30);margin-bottom:var(--wp--preset--spacing--20);margin-left:var(--wp--preset--spacing--30);font-size:33px;line-height:1.6\"><strong>HikeBike <\/strong>Apartments Bielsko Bia\u0142a<\/h1>\n\n\n\n<h2 class=\"wp-block-heading alignwide has-text-align-center\" style=\"margin-top:var(--wp--preset--spacing--20);margin-right:var(--wp--preset--spacing--30);margin-bottom:var(--wp--preset--spacing--20);margin-left:var(--wp--preset--spacing--30);font-size:14px;line-height:1.6\">Your stay in Bielsko\u2011Bia\u0142a \u2013 modern apartments in the Beskid Mountains, with direct booking and no hidden fees<\/h2>\n\n\n\n<div class=\"wp-block-uagb-separator uagb-block-8e033641\"><div class=\"wp-block-uagb-separator__inner\" style=\"--my-background-image:\"><\/div><\/div>\n\n\n\n<div class=\"wp-block-media-text is-stacked-on-mobile is-vertically-aligned-center has-ast-global-color-7-color has-ast-global-color-5-background-color has-text-color has-background has-link-color wp-elements-73e115918123a7cb41b67ea01c831838\" style=\"border-style:none;border-width:0px;border-top-left-radius:0px;border-top-right-radius:0px;border-bottom-left-radius:0px;border-bottom-right-radius:0px;margin-top:var(--wp--preset--spacing--30);margin-right:var(--wp--preset--spacing--50);margin-bottom:var(--wp--preset--spacing--30);margin-left:var(--wp--preset--spacing--50);padding-top:var(--wp--preset--spacing--50);padding-right:var(--wp--preset--spacing--50);padding-bottom:var(--wp--preset--spacing--50);padding-left:var(--wp--preset--spacing--50);grid-template-columns:25% auto\"><figure class=\"wp-block-media-text__media\"><a href=\"https:\/\/hikebike.pl\/en\/atrakcje\/\"><img loading=\"lazy\" decoding=\"async\" width=\"461\" height=\"1024\" src=\"https:\/\/hikebike.pl\/wp-content\/uploads\/2025\/12\/1000059409-461x1024.jpg\" alt=\"Twister Kozia G\u00f3ra\" class=\"wp-image-2704 size-large\" title=\"About Us\"><\/a><\/figure><div class=\"wp-block-media-text__content\">\n<p style=\"margin-top:var(--wp--preset--spacing--30);margin-right:var(--wp--preset--spacing--30);margin-bottom:var(--wp--preset--spacing--30);margin-left:var(--wp--preset--spacing--30)\" class=\"translation-block\">HikeBike offers apartments in Bielsko\u2011Bia\u0142a at the foot of Szyndzielnia \u2013 the perfect place to relax in the Beskid Mountains.\nOur apartments are located where the capital of the Beskids, Bielsko\u2011Bia\u0142a, meets the picturesque Silesian Beskid range. It\u2019s an ideal spot for anyone seeking peace, nature, and an active getaway.<\/p>\n\n\n\n<p><\/p>\n<\/div><\/div>\n\n\n\n<div class=\"wp-block-media-text alignwide has-media-on-the-right is-stacked-on-mobile is-vertically-aligned-center has-ast-global-color-5-background-color has-background\" style=\"border-style:none;border-width:0px;margin-top:var(--wp--preset--spacing--30);margin-right:var(--wp--preset--spacing--50);margin-bottom:var(--wp--preset--spacing--30);margin-left:var(--wp--preset--spacing--50);padding-top:var(--wp--preset--spacing--50);padding-right:var(--wp--preset--spacing--50);padding-bottom:var(--wp--preset--spacing--50);padding-left:var(--wp--preset--spacing--50);grid-template-columns:auto 25%\"><div class=\"wp-block-media-text__content\">\n<p style=\"margin-top:var(--wp--preset--spacing--30);margin-right:var(--wp--preset--spacing--30);margin-bottom:var(--wp--preset--spacing--30);margin-left:var(--wp--preset--spacing--30)\" class=\"translation-block\">We offer warm, intimate, and modern apartments with high\u2011quality amenities that make you feel right at home. Each apartment includes a private parking space to ensure a comfortable and hassle\u2011free stay.<\/p>\n\n\n\n<p><\/p>\n<\/div><figure class=\"wp-block-media-text__media\"><a href=\"https:\/\/hikebike.pl\/en\/apartament\/\"><img loading=\"lazy\" decoding=\"async\" width=\"461\" height=\"1024\" src=\"https:\/\/hikebike.pl\/wp-content\/uploads\/2025\/12\/IMG_20251212_114648042_HDR-461x1024.jpg\" alt=\"Salon\" class=\"wp-image-2737 size-large\" title=\"About Us\"><\/a><\/figure><\/div>\n\n\n\n<div class=\"wp-block-media-text alignwide is-stacked-on-mobile is-vertically-aligned-center has-ast-global-color-5-background-color has-background\" style=\"border-style:none;border-width:0px;margin-top:var(--wp--preset--spacing--30);margin-right:var(--wp--preset--spacing--50);margin-bottom:var(--wp--preset--spacing--30);margin-left:var(--wp--preset--spacing--50);padding-top:var(--wp--preset--spacing--50);padding-right:var(--wp--preset--spacing--50);padding-bottom:var(--wp--preset--spacing--50);padding-left:var(--wp--preset--spacing--50);grid-template-columns:25% auto\"><figure class=\"wp-block-media-text__media\"><img loading=\"lazy\" decoding=\"async\" width=\"576\" height=\"1024\" src=\"https:\/\/hikebike.pl\/wp-content\/uploads\/2025\/12\/IMG_6363-576x1024.jpg\" alt=\"Twister\" class=\"wp-image-2743 size-large\" title=\"About Us\"><\/figure><div class=\"wp-block-media-text__content\">\n<p style=\"margin-top:var(--wp--preset--spacing--30);margin-right:var(--wp--preset--spacing--30);margin-bottom:var(--wp--preset--spacing--30);margin-left:var(--wp--preset--spacing--30)\" class=\"translation-block\">Sports and adrenaline enthusiasts will find plenty to enjoy here \u2014 within just a few hundred meters you\u2019ll reach the well\u2011known Enduro Trails routes, including Twister, Sahara, and Rock\u2019n\u2019Roll. It\u2019s a perfect base for both cyclists and hiking lovers.<\/p>\n<\/div><\/div>\n\n\n\n<div class=\"wp-block-media-text alignwide has-media-on-the-right is-stacked-on-mobile is-vertically-aligned-center has-ast-global-color-5-background-color has-background\" style=\"border-style:none;border-width:0px;margin-top:var(--wp--preset--spacing--30);margin-right:var(--wp--preset--spacing--50);margin-bottom:var(--wp--preset--spacing--30);margin-left:var(--wp--preset--spacing--50);padding-top:var(--wp--preset--spacing--50);padding-right:var(--wp--preset--spacing--50);padding-bottom:var(--wp--preset--spacing--50);padding-left:var(--wp--preset--spacing--50);grid-template-columns:auto 25%\"><div class=\"wp-block-media-text__content\">\n<p style=\"margin-top:var(--wp--preset--spacing--30);margin-right:var(--wp--preset--spacing--30);margin-bottom:var(--wp--preset--spacing--30);margin-left:var(--wp--preset--spacing--30)\" class=\"translation-block\">Both in winter and summer, additional attractions await you:\nHala pod D\u0119bowcem \u2013 a modern sports and entertainment venue hosting concerts, cultural events, and sporting competitions.\nThe D\u0119bowiec ski slope \u2013 perfect for beginners and families, featuring a modern lift and night lighting.\nThe Szyndzielnia cable car \u2013 a quick and easy way to reach the summit and admire panoramic views of the Beskid Mountains and Bielsko\u2011Bia\u0142a.<\/p>\n<\/div><figure class=\"wp-block-media-text__media\"><img loading=\"lazy\" decoding=\"async\" width=\"500\" height=\"1111\" src=\"https:\/\/hikebike.pl\/wp-content\/uploads\/2025\/12\/1000055118-scaled-e1765658524733.jpg\" alt=\"Wyci\u0105g D\u0119bowiec\" class=\"wp-image-2697 size-large\" title=\"About Us\"><\/figure><\/div>\n\n\n\n<p class=\"has-text-align-center has-ast-global-color-5-background-color has-background translation-block\" style=\"margin-top:var(--wp--preset--spacing--30);margin-right:var(--wp--preset--spacing--30);margin-bottom:var(--wp--preset--spacing--30);margin-left:var(--wp--preset--spacing--30);padding-top:var(--wp--preset--spacing--50);padding-right:var(--wp--preset--spacing--30);padding-bottom:var(--wp--preset--spacing--50);padding-left:var(--wp--preset--spacing--30);font-size:22px\">Feel free to contact us and book directly \u2014 no intermediaries and no extra fees.<\/p>\n\n\n\n<p>\ud83d\udc49<a href=\"http:\/\/hikebike.pl\/en\/apartament\/\" data-type=\"link\" data-id=\"hikebike.pl\/apartament\"><mark style=\"background-color:var(--ast-global-color-0)\" class=\"has-inline-color\">See our apartments<\/mark><\/a><\/p>\n\n\n\n<p><\/p>","protected":false},"excerpt":{"rendered":"<p>HikeBike Apartments Bielsko Bia\u0142a Tw\u00f3j nocleg w Bielsku\u2011Bia\u0142ej \u2013 nowoczesne apartamenty w Beskidach, rezerwacja bez po\u015brednik\u00f3w i ukrytych koszt\u00f3w HikeBike to apartamenty w Bielsku-Bia\u0142ej u st\u00f3p Szyndzielni \u2013 idealne miejsce na wypoczynek w Beskidach.Nasze apartamenty po\u0142o\u017cone s\u0105 na styku stolicy Beskid\u00f3w \u2013Bielska-Bia\u0142ej \u2013 i malowniczego Beskidu \u015al\u0105skiego. To idealna lokalizacja dla os\u00f3b szukaj\u0105cych ciszy, natury [&hellip;]<\/p>\n","protected":false},"author":1,"featured_media":2644,"parent":0,"menu_order":0,"comment_status":"closed","ping_status":"closed","template":"","meta":{"_uag_custom_page_level_css":"","site-sidebar-layout":"default","site-content-layout":"","ast-site-content-layout":"full-width-container","site-content-style":"unboxed","site-sidebar-style":"default","ast-global-header-display":"","ast-banner-title-visibility":"","ast-main-header-display":"","ast-hfb-above-header-display":"","ast-hfb-below-header-display":"","ast-hfb-mobile-header-display":"","site-post-title":"disabled","ast-breadcrumbs-content":"","ast-featured-img":"","footer-sml-layout":"","ast-disable-related-posts":"","theme-transparent-header-meta":"default","adv-header-id-meta":"","stick-header-meta":"","header-above-stick-meta":"","header-main-stick-meta":"","header-below-stick-meta":"","astra-migrate-meta-layouts":"set","ast-page-background-enabled":"default","ast-page-background-meta":{"desktop":{"background-color":"","background-image":"","background-repeat":"repeat","background-position":"center center","background-size":"auto","background-attachment":"scroll","background-type":"","background-media":"","overlay-type":"","overlay-color":"","overlay-opacity":"","overlay-gradient":""},"tablet":{"background-color":"","background-image":"","background-repeat":"repeat","background-position":"center center","background-size":"auto","background-attachment":"scroll","background-type":"","background-media":"","overlay-type":"","overlay-color":"","overlay-opacity":"","overlay-gradient":""},"mobile":{"background-color":"","background-image":"","background-repeat":"repeat","background-position":"center center","background-size":"auto","background-attachment":"scroll","background-type":"","background-media":"","overlay-type":"","overlay-color":"","overlay-opacity":"","overlay-gradient":""}},"ast-content-background-meta":{"desktop":{"background-color":"var(--ast-global-color-5)","background-image":"","background-repeat":"repeat","background-position":"center center","background-size":"auto","background-attachment":"scroll","background-type":"","background-media":"","overlay-type":"","overlay-color":"","overlay-opacity":"","overlay-gradient":""},"tablet":{"background-color":"var(--ast-global-color-5)","background-image":"","background-repeat":"repeat","background-position":"center center","background-size":"auto","background-attachment":"scroll","background-type":"","background-media":"","overlay-type":"","overlay-color":"","overlay-opacity":"","overlay-gradient":""},"mobile":{"background-color":"var(--ast-global-color-5)","background-image":"","background-repeat":"repeat","background-position":"center center","background-size":"auto","background-attachment":"scroll","background-type":"","background-media":"","overlay-type":"","overlay-color":"","overlay-opacity":"","overlay-gradient":""}},"pgc_sgb_lightbox_settings":"","footnotes":""},"class_list":["post-7","page","type-page","status-publish","has-post-thumbnail","hentry"],"_hostinger_reach_plugin_has_subscription_block":false,"_hostinger_reach_plugin_is_elementor":false,"uagb_featured_image_src":{"full":["https:\/\/hikebike.pl\/wp-content\/uploads\/2025\/12\/logo_hikebike-1-e1765647774521.png",512,512,false],"thumbnail":["https:\/\/hikebike.pl\/wp-content\/uploads\/2025\/12\/logo_hikebike-1-150x150.png",150,150,true],"medium":["https:\/\/hikebike.pl\/wp-content\/uploads\/2025\/12\/logo_hikebike-1-300x300.png",300,300,true],"medium_large":["https:\/\/hikebike.pl\/wp-content\/uploads\/2025\/12\/logo_hikebike-1-768x768.png",768,768,true],"large":["https:\/\/hikebike.pl\/wp-content\/uploads\/2025\/12\/logo_hikebike-1-e1765647774521.png",512,512,false],"1536x1536":["https:\/\/hikebike.pl\/wp-content\/uploads\/2025\/12\/logo_hikebike-1-e1765647774521.png",512,512,false],"2048x2048":["https:\/\/hikebike.pl\/wp-content\/uploads\/2025\/12\/logo_hikebike-1-e1765647774521.png",512,512,false],"trp-custom-language-flag":["https:\/\/hikebike.pl\/wp-content\/uploads\/2025\/12\/logo_hikebike-1-e1765647774521.png",12,12,false]},"uagb_author_info":{"display_name":"andrewwd68@gmail.com","author_link":"https:\/\/hikebike.pl\/en\/author\/andrewwd68gmail-com\/"},"uagb_comment_info":0,"uagb_excerpt":"HikeBike Apartments Bielsko Bia\u0142a Tw\u00f3j nocleg w Bielsku\u2011Bia\u0142ej \u2013 nowoczesne apartamenty w Beskidach, rezerwacja bez po\u015brednik\u00f3w i ukrytych koszt\u00f3w HikeBike to apartamenty w Bielsku-Bia\u0142ej u st\u00f3p Szyndzielni \u2013 idealne miejsce na wypoczynek w Beskidach.Nasze apartamenty po\u0142o\u017cone s\u0105 na styku stolicy Beskid\u00f3w \u2013Bielska-Bia\u0142ej \u2013 i malowniczego Beskidu \u015al\u0105skiego. To idealna lokalizacja dla os\u00f3b szukaj\u0105cych ciszy, natury&hellip;","_links":{"self":[{"href":"https:\/\/hikebike.pl\/en\/wp-json\/wp\/v2\/pages\/7","targetHints":{"allow":["GET"]}}],"collection":[{"href":"https:\/\/hikebike.pl\/en\/wp-json\/wp\/v2\/pages"}],"about":[{"href":"https:\/\/hikebike.pl\/en\/wp-json\/wp\/v2\/types\/page"}],"author":[{"embeddable":true,"href":"https:\/\/hikebike.pl\/en\/wp-json\/wp\/v2\/users\/1"}],"replies":[{"embeddable":true,"href":"https:\/\/hikebike.pl\/en\/wp-json\/wp\/v2\/comments?post=7"}],"version-history":[{"count":111,"href":"https:\/\/hikebike.pl\/en\/wp-json\/wp\/v2\/pages\/7\/revisions"}],"predecessor-version":[{"id":3344,"href":"https:\/\/hikebike.pl\/en\/wp-json\/wp\/v2\/pages\/7\/revisions\/3344"}],"wp:featuredmedia":[{"embeddable":true,"href":"https:\/\/hikebike.pl\/en\/wp-json\/wp\/v2\/media\/2644"}],"wp:attachment":[{"href":"https:\/\/hikebike.pl\/en\/wp-json\/wp\/v2\/media?parent=7"}],"curies":[{"name":"wp","href":"https:\/\/api.w.org\/{rel}","templated":true}]}}